{"id":15,"date":"2025-02-20T21:34:01","date_gmt":"2025-02-20T21:34:01","guid":{"rendered":"https:\/\/asesores360pymes.es\/?page_id=15"},"modified":"2025-08-19T11:44:09","modified_gmt":"2025-08-19T11:44:09","slug":"contacto","status":"publish","type":"page","link":"https:\/\/asesores360pymes.es\/index.php\/contacto\/","title":{"rendered":"Contacto"},"content":{"rendered":"\t\t<div data-elementor-type=\"wp-page\" data-elementor-id=\"15\" class=\"elementor elementor-15\" data-elementor-post-type=\"page\">\n\t\t\t\t<div class=\"elementor-element elementor-element-3d98c80 e-flex e-con-boxed e-con e-parent\" data-id=\"3d98c80\" data-element_type=\"container\">\n\t\t\t\t\t<div class=\"e-con-inner\">\n\t\t<div class=\"elementor-element elementor-element-9a23bd1 e-con-full e-flex e-con e-child\" data-id=\"9a23bd1\" data-element_type=\"container\">\n\t\t\t\t<div class=\"elementor-element elementor-element-028b554 elementor-widget elementor-widget-heading\" data-id=\"028b554\" data-element_type=\"widget\" data-widget_type=\"heading.default\">\n\t\t\t\t<div class=\"elementor-widget-container\">\n\t\t\t\t\t<h3 class=\"elementor-heading-title elementor-size-default\">Contacto<\/h3>\t\t\t\t<\/div>\n\t\t\t\t<\/div>\n\t\t\t\t<div class=\"elementor-element elementor-element-1a8b5d0 elementor-widget elementor-widget-heading\" data-id=\"1a8b5d0\" data-element_type=\"widget\" data-widget_type=\"heading.default\">\n\t\t\t\t<div class=\"elementor-widget-container\">\n\t\t\t\t\t<h1 class=\"elementor-heading-title elementor-size-default\">Escr\u00edbenos<br>un mensaje<\/h1>\t\t\t\t<\/div>\n\t\t\t\t<\/div>\n\t\t<div class=\"elementor-element elementor-element-2f166b9 e-con-full e-flex e-con e-child\" data-id=\"2f166b9\" data-element_type=\"container\">\n\t\t<div class=\"elementor-element elementor-element-ef1d5e5 e-con-full e-flex e-con e-child\" data-id=\"ef1d5e5\" data-element_type=\"container\">\n\t\t<div class=\"elementor-element elementor-element-ce36801 e-con-full e-flex e-con e-child\" data-id=\"ce36801\" data-element_type=\"container\">\n\t\t\t\t<div class=\"elementor-element elementor-element-de11c7f elementor-widget elementor-widget-image\" data-id=\"de11c7f\" data-element_type=\"widget\" data-widget_type=\"image.default\">\n\t\t\t\t<div class=\"elementor-widget-container\">\n\t\t\t\t\t\t\t\t\t\t\t\t\t\t\t<img decoding=\"async\" width=\"30\" height=\"30\" src=\"https:\/\/asesores360pymes.es\/wp-content\/uploads\/2025\/02\/Group-10.svg\" class=\"attachment-large size-large wp-image-182\" alt=\"\" \/>\t\t\t\t\t\t\t\t\t\t\t\t\t\t\t<\/div>\n\t\t\t\t<\/div>\n\t\t\t\t<\/div>\n\t\t<div class=\"elementor-element elementor-element-325f5a4 e-con-full e-flex e-con e-child\" data-id=\"325f5a4\" data-element_type=\"container\">\n\t\t\t\t<div class=\"elementor-element elementor-element-e7cfb81 elementor-widget elementor-widget-heading\" data-id=\"e7cfb81\" data-element_type=\"widget\" data-widget_type=\"heading.default\">\n\t\t\t\t<div class=\"elementor-widget-container\">\n\t\t\t\t\t<h2 class=\"elementor-heading-title elementor-size-default\">Correo<\/h2>\t\t\t\t<\/div>\n\t\t\t\t<\/div>\n\t\t\t\t<div class=\"elementor-element elementor-element-440d54a elementor-widget elementor-widget-text-editor\" data-id=\"440d54a\" data-element_type=\"widget\" data-widget_type=\"text-editor.default\">\n\t\t\t\t<div class=\"elementor-widget-container\">\n\t\t\t\t\t\t\t\t\t<p>info@vhasesores.es<\/p>\t\t\t\t\t\t\t\t<\/div>\n\t\t\t\t<\/div>\n\t\t\t\t<\/div>\n\t\t\t\t<\/div>\n\t\t\t\t<\/div>\n\t\t<div class=\"elementor-element elementor-element-04a2a5c e-con-full e-flex e-con e-child\" data-id=\"04a2a5c\" data-element_type=\"container\">\n\t\t<div class=\"elementor-element elementor-element-070f4d4 e-con-full e-flex e-con e-child\" data-id=\"070f4d4\" data-element_type=\"container\">\n\t\t<div class=\"elementor-element elementor-element-c45d958 e-con-full e-flex e-con e-child\" data-id=\"c45d958\" data-element_type=\"container\">\n\t\t\t\t<div class=\"elementor-element elementor-element-df3ea43 elementor-widget elementor-widget-image\" data-id=\"df3ea43\" data-element_type=\"widget\" data-widget_type=\"image.default\">\n\t\t\t\t<div class=\"elementor-widget-container\">\n\t\t\t\t\t\t\t\t\t\t\t\t\t\t\t<img decoding=\"async\" width=\"30\" height=\"30\" src=\"https:\/\/asesores360pymes.es\/wp-content\/uploads\/2025\/02\/Group-11.svg\" class=\"attachment-large size-large wp-image-183\" alt=\"\" \/>\t\t\t\t\t\t\t\t\t\t\t\t\t\t\t<\/div>\n\t\t\t\t<\/div>\n\t\t\t\t<\/div>\n\t\t<div class=\"elementor-element elementor-element-b532055 e-con-full e-flex e-con e-child\" data-id=\"b532055\" data-element_type=\"container\">\n\t\t\t\t<div class=\"elementor-element elementor-element-f340633 elementor-widget elementor-widget-heading\" data-id=\"f340633\" data-element_type=\"widget\" data-widget_type=\"heading.default\">\n\t\t\t\t<div class=\"elementor-widget-container\">\n\t\t\t\t\t<h2 class=\"elementor-heading-title elementor-size-default\">Tel\u00e9fono<\/h2>\t\t\t\t<\/div>\n\t\t\t\t<\/div>\n\t\t\t\t<div class=\"elementor-element elementor-element-b18e5de elementor-widget elementor-widget-text-editor\" data-id=\"b18e5de\" data-element_type=\"widget\" data-widget_type=\"text-editor.default\">\n\t\t\t\t<div class=\"elementor-widget-container\">\n\t\t\t\t\t\t\t\t\t<p>968 47 15 57<\/p>\t\t\t\t\t\t\t\t<\/div>\n\t\t\t\t<\/div>\n\t\t\t\t<\/div>\n\t\t\t\t<\/div>\n\t\t\t\t<\/div>\n\t\t\t\t<\/div>\n\t\t<div class=\"elementor-element elementor-element-a8e3376 e-con-full e-flex e-con e-child\" data-id=\"a8e3376\" data-element_type=\"container\">\n\t\t\t\t<div class=\"elementor-element elementor-element-e8e1e62 elementor-button-align-stretch elementor-widget elementor-widget-form\" data-id=\"e8e1e62\" data-element_type=\"widget\" data-settings=\"{&quot;step_next_label&quot;:&quot;Siguiente&quot;,&quot;step_previous_label&quot;:&quot;Anterior&quot;,&quot;button_width&quot;:&quot;100&quot;,&quot;step_type&quot;:&quot;number_text&quot;,&quot;step_icon_shape&quot;:&quot;circle&quot;}\" data-widget_type=\"form.default\">\n\t\t\t\t<div class=\"elementor-widget-container\">\n\t\t\t\t\t\t\t<form class=\"elementor-form\" method=\"post\" name=\"Nuevo formulario\">\n\t\t\t<input type=\"hidden\" name=\"post_id\" value=\"15\"\/>\n\t\t\t<input type=\"hidden\" name=\"form_id\" value=\"e8e1e62\"\/>\n\t\t\t<input type=\"hidden\" name=\"referer_title\" value=\"Asesores 360 Pymes\" \/>\n\n\t\t\t\n\t\t\t<div class=\"elementor-form-fields-wrapper elementor-labels-\">\n\t\t\t\t\t\t\t\t<div class=\"elementor-field-type-text elementor-field-group elementor-column elementor-field-group-name elementor-col-50\">\n\t\t\t\t\t\t\t\t\t\t\t\t<label for=\"form-field-name\" class=\"elementor-field-label elementor-screen-only\">\n\t\t\t\t\t\t\t\tT\u00fa nombre\t\t\t\t\t\t\t<\/label>\n\t\t\t\t\t\t\t\t\t\t\t\t\t\t<input size=\"1\" type=\"text\" name=\"form_fields[name]\" id=\"form-field-name\" class=\"elementor-field elementor-size-lg  elementor-field-textual\" placeholder=\"T\u00fa nombre\">\n\t\t\t\t\t\t\t\t\t\t\t<\/div>\n\t\t\t\t\t\t\t\t<div class=\"elementor-field-type-email elementor-field-group elementor-column elementor-field-group-email elementor-col-50 elementor-field-required\">\n\t\t\t\t\t\t\t\t\t\t\t\t<label for=\"form-field-email\" class=\"elementor-field-label elementor-screen-only\">\n\t\t\t\t\t\t\t\tCorreo electr\u00f3nico\t\t\t\t\t\t\t<\/label>\n\t\t\t\t\t\t\t\t\t\t\t\t\t\t<input size=\"1\" type=\"email\" name=\"form_fields[email]\" id=\"form-field-email\" class=\"elementor-field elementor-size-lg  elementor-field-textual\" placeholder=\"Correo electr\u00f3nico\" required=\"required\">\n\t\t\t\t\t\t\t\t\t\t\t<\/div>\n\t\t\t\t\t\t\t\t<div class=\"elementor-field-type-tel elementor-field-group elementor-column elementor-field-group-field_73eaefb elementor-col-50\">\n\t\t\t\t\t\t\t<input size=\"1\" type=\"tel\" name=\"form_fields[field_73eaefb]\" id=\"form-field-field_73eaefb\" class=\"elementor-field elementor-size-lg  elementor-field-textual\" placeholder=\"N\u00famero de tel\u00e9fono\" pattern=\"[0-9()#&amp;+*-=.]+\" title=\"Solo se aceptan n\u00fameros y caracteres de tel\u00e9fono (#,-,*,etc).\">\n\n\t\t\t\t\t\t<\/div>\n\t\t\t\t\t\t\t\t<div class=\"elementor-field-type-select elementor-field-group elementor-column elementor-field-group-field_fda24ed elementor-col-50\">\n\t\t\t\t\t\t\t<div class=\"elementor-field elementor-select-wrapper remove-before \">\n\t\t\t<div class=\"select-caret-down-wrapper\">\n\t\t\t\t<svg aria-hidden=\"true\" class=\"e-font-icon-svg e-eicon-caret-down\" viewBox=\"0 0 571.4 571.4\" xmlns=\"http:\/\/www.w3.org\/2000\/svg\"><path d=\"M571 393Q571 407 561 418L311 668Q300 679 286 679T261 668L11 418Q0 407 0 393T11 368 36 357H536Q550 357 561 368T571 393Z\"><\/path><\/svg>\t\t\t<\/div>\n\t\t\t<select name=\"form_fields[field_fda24ed]\" id=\"form-field-field_fda24ed\" class=\"elementor-field-textual elementor-size-lg\">\n\t\t\t\t\t\t\t\t\t<option value=\"Asesor\u00eda de empresas\">Asesor\u00eda de empresas<\/option>\n\t\t\t\t\t\t\t\t\t<option value=\"Asesoramiento inmobiliario \">Asesoramiento inmobiliario <\/option>\n\t\t\t\t\t\t\t\t\t<option value=\"Asesoramiento inmobiliario\">Asesoramiento inmobiliario<\/option>\n\t\t\t\t\t\t\t\t\t<option value=\"Gesti\u00f3n de tramitaci\u00f3n de herencias\">Gesti\u00f3n de tramitaci\u00f3n de herencias<\/option>\n\t\t\t\t\t\t\t<\/select>\n\t\t<\/div>\n\t\t\t\t\t\t<\/div>\n\t\t\t\t\t\t\t\t<div class=\"elementor-field-type-textarea elementor-field-group elementor-column elementor-field-group-message elementor-col-100\">\n\t\t\t\t\t\t\t\t\t\t\t\t<label for=\"form-field-message\" class=\"elementor-field-label elementor-screen-only\">\n\t\t\t\t\t\t\t\tMensaje\t\t\t\t\t\t\t<\/label>\n\t\t\t\t\t\t<textarea class=\"elementor-field-textual elementor-field  elementor-size-lg\" name=\"form_fields[message]\" id=\"form-field-message\" rows=\"8\" placeholder=\"Escribir un mensaje...\"><\/textarea>\t\t\t\t<\/div>\n\t\t\t\t\t\t\t\t<div class=\"elementor-field-type-acceptance elementor-field-group elementor-column elementor-field-group-field_edb746d elementor-col-100\">\n\t\t\t\t\t\t\t<div class=\"elementor-field-subgroup\">\n\t\t\t<span class=\"elementor-field-option\">\n\t\t\t\t<input type=\"checkbox\" name=\"form_fields[field_edb746d]\" id=\"form-field-field_edb746d\" class=\"elementor-field elementor-size-lg  elementor-acceptance-field\">\n\t\t\t\t<label for=\"form-field-field_edb746d\"><A HREF=\"https:\/\/asesores360pymes.es\/index.php\/politica-de-privacidad\/\"> Estoy de acuerdo con la pol\u00edtica de privacidad <\/A>\n<\/label>\t\t\t<\/span>\n\t\t<\/div>\n\t\t\t\t\t\t<\/div>\n\t\t\t\t\t\t\t\t<div class=\"elementor-field-group elementor-column elementor-field-type-submit elementor-col-100 e-form__buttons\">\n\t\t\t\t\t<button class=\"elementor-button elementor-size-lg\" type=\"submit\">\n\t\t\t\t\t\t<span class=\"elementor-button-content-wrapper\">\n\t\t\t\t\t\t\t\t\t\t\t\t\t\t\t\t\t\t\t\t\t\t<span class=\"elementor-button-text\">Enviar<\/span>\n\t\t\t\t\t\t\t\t\t\t\t\t\t<\/span>\n\t\t\t\t\t<\/button>\n\t\t\t\t<\/div>\n\t\t\t<\/div>\n\t\t<\/form>\n\t\t\t\t\t\t<\/div>\n\t\t\t\t<\/div>\n\t\t\t\t<\/div>\n\t\t\t\t\t<\/div>\n\t\t\t\t<\/div>\n\t\t<div class=\"elementor-element elementor-element-a1c9d83 e-flex e-con-boxed e-con e-parent\" data-id=\"a1c9d83\" data-element_type=\"container\">\n\t\t\t\t\t<div class=\"e-con-inner\">\n\t\t\t\t<div class=\"elementor-element elementor-element-12baf97 elementor-widget-laptop__width-initial elementor-widget elementor-widget-image\" data-id=\"12baf97\" data-element_type=\"widget\" data-widget_type=\"image.default\">\n\t\t\t\t<div class=\"elementor-widget-container\">\n\t\t\t\t\t\t\t\t\t\t\t\t\t\t\t<img decoding=\"async\" width=\"30\" height=\"30\" src=\"https:\/\/asesores360pymes.es\/wp-content\/uploads\/2025\/02\/Group-9.svg\" class=\"attachment-large size-large wp-image-181\" alt=\"\" \/>\t\t\t\t\t\t\t\t\t\t\t\t\t\t\t<\/div>\n\t\t\t\t<\/div>\n\t\t\t\t<div class=\"elementor-element elementor-element-d50bcdb elementor-widget elementor-widget-heading\" data-id=\"d50bcdb\" data-element_type=\"widget\" data-widget_type=\"heading.default\">\n\t\t\t\t<div class=\"elementor-widget-container\">\n\t\t\t\t\t<h2 class=\"elementor-heading-title elementor-size-default\">Direcci\u00f3n<\/h2>\t\t\t\t<\/div>\n\t\t\t\t<\/div>\n\t\t\t\t<div class=\"elementor-element elementor-element-5b7d572 elementor-widget elementor-widget-text-editor\" data-id=\"5b7d572\" data-element_type=\"widget\" data-widget_type=\"text-editor.default\">\n\t\t\t\t<div class=\"elementor-widget-container\">\n\t\t\t\t\t\t\t\t\t<p>C\/ Donantes de Sangre, 5 Oficina 1\u00ba A \u2013 Lorca (MURCIA)<\/p>\t\t\t\t\t\t\t\t<\/div>\n\t\t\t\t<\/div>\n\t\t\t\t<div class=\"elementor-element elementor-element-8bbdaaf elementor-widget elementor-widget-google_maps\" data-id=\"8bbdaaf\" data-element_type=\"widget\" data-widget_type=\"google_maps.default\">\n\t\t\t\t<div class=\"elementor-widget-container\">\n\t\t\t\t\t\t\t<div class=\"elementor-custom-embed\">\n\t\t\t<iframe loading=\"lazy\"\n\t\t\t\t\tsrc=\"https:\/\/maps.google.com\/maps?q=C.%20Donante%20de%20Sangre%2C%205%2C%201%C2%BAA%2C%2030800%20Lorca%2C%20Murcia&#038;t=m&#038;z=15&#038;output=embed&#038;iwloc=near\"\n\t\t\t\t\ttitle=\"C. Donante de Sangre, 5, 1\u00baA, 30800 Lorca, Murcia\"\n\t\t\t\t\taria-label=\"C. Donante de Sangre, 5, 1\u00baA, 30800 Lorca, Murcia\"\n\t\t\t><\/iframe>\n\t\t<\/div>\n\t\t\t\t\t\t<\/div>\n\t\t\t\t<\/div>\n\t\t\t\t\t<\/div>\n\t\t\t\t<\/div>\n\t\t\t\t<\/div>\n\t\t","protected":false},"excerpt":{"rendered":"<p>Contacto Escr\u00edbenosun mensaje Correo info@vhasesores.es Tel\u00e9fono 968 47 15 57 Direcci\u00f3n C\/ Donantes de Sangre, 5 Oficina 1\u00ba A \u2013 Lorca (MURCIA)<\/p>\n","protected":false},"author":2,"featured_media":0,"parent":0,"menu_order":0,"comment_status":"closed","ping_status":"closed","template":"","meta":{"footnotes":""},"class_list":["post-15","page","type-page","status-publish","hentry"],"yoast_head":"<!-- This site is optimized with the Yoast SEO plugin v26.6 - https:\/\/yoast.com\/wordpress\/plugins\/seo\/ -->\n<title>Contacto - Asesores 360 Pymes<\/title>\n<meta name=\"robots\" content=\"index, follow, max-snippet:-1, max-image-preview:large, max-video-preview:-1\" \/>\n<link rel=\"canonical\" href=\"https:\/\/asesores360pymes.es\/index.php\/contacto\/\" \/>\n<meta property=\"og:locale\" content=\"es_ES\" \/>\n<meta property=\"og:type\" content=\"article\" \/>\n<meta property=\"og:title\" content=\"Contacto - Asesores 360 Pymes\" \/>\n<meta property=\"og:description\" content=\"Contacto Escr\u00edbenosun mensaje Correo info@vhasesores.es Tel\u00e9fono 968 47 15 57 Direcci\u00f3n C\/ Donantes de Sangre, 5 Oficina 1\u00ba A \u2013 Lorca (MURCIA)\" \/>\n<meta property=\"og:url\" content=\"https:\/\/asesores360pymes.es\/index.php\/contacto\/\" \/>\n<meta property=\"og:site_name\" content=\"Asesores 360 Pymes\" \/>\n<meta property=\"article:modified_time\" content=\"2025-08-19T11:44:09+00:00\" \/>\n<meta name=\"twitter:card\" content=\"summary_large_image\" \/>\n<script type=\"application\/ld+json\" class=\"yoast-schema-graph\">{\"@context\":\"https:\/\/schema.org\",\"@graph\":[{\"@type\":\"WebPage\",\"@id\":\"https:\/\/asesores360pymes.es\/index.php\/contacto\/\",\"url\":\"https:\/\/asesores360pymes.es\/index.php\/contacto\/\",\"name\":\"Contacto - Asesores 360 Pymes\",\"isPartOf\":{\"@id\":\"https:\/\/asesores360pymes.es\/#website\"},\"primaryImageOfPage\":{\"@id\":\"https:\/\/asesores360pymes.es\/index.php\/contacto\/#primaryimage\"},\"image\":{\"@id\":\"https:\/\/asesores360pymes.es\/index.php\/contacto\/#primaryimage\"},\"thumbnailUrl\":\"https:\/\/asesores360pymes.es\/wp-content\/uploads\/2025\/02\/Group-10.svg\",\"datePublished\":\"2025-02-20T21:34:01+00:00\",\"dateModified\":\"2025-08-19T11:44:09+00:00\",\"breadcrumb\":{\"@id\":\"https:\/\/asesores360pymes.es\/index.php\/contacto\/#breadcrumb\"},\"inLanguage\":\"es\",\"potentialAction\":[{\"@type\":\"ReadAction\",\"target\":[\"https:\/\/asesores360pymes.es\/index.php\/contacto\/\"]}]},{\"@type\":\"ImageObject\",\"inLanguage\":\"es\",\"@id\":\"https:\/\/asesores360pymes.es\/index.php\/contacto\/#primaryimage\",\"url\":\"https:\/\/asesores360pymes.es\/wp-content\/uploads\/2025\/02\/Group-10.svg\",\"contentUrl\":\"https:\/\/asesores360pymes.es\/wp-content\/uploads\/2025\/02\/Group-10.svg\",\"width\":30,\"height\":30},{\"@type\":\"BreadcrumbList\",\"@id\":\"https:\/\/asesores360pymes.es\/index.php\/contacto\/#breadcrumb\",\"itemListElement\":[{\"@type\":\"ListItem\",\"position\":1,\"name\":\"Portada\",\"item\":\"https:\/\/asesores360pymes.es\/\"},{\"@type\":\"ListItem\",\"position\":2,\"name\":\"Contacto\"}]},{\"@type\":\"WebSite\",\"@id\":\"https:\/\/asesores360pymes.es\/#website\",\"url\":\"https:\/\/asesores360pymes.es\/\",\"name\":\"Asesores 360 Pymes\",\"description\":\"Asesor&iacute;a y gestor&iacute;a con servicio completo para pymes, aut&oacute;nomos y particulares.\",\"publisher\":{\"@id\":\"https:\/\/asesores360pymes.es\/#organization\"},\"potentialAction\":[{\"@type\":\"SearchAction\",\"target\":{\"@type\":\"EntryPoint\",\"urlTemplate\":\"https:\/\/asesores360pymes.es\/?s={search_term_string}\"},\"query-input\":{\"@type\":\"PropertyValueSpecification\",\"valueRequired\":true,\"valueName\":\"search_term_string\"}}],\"inLanguage\":\"es\"},{\"@type\":\"Organization\",\"@id\":\"https:\/\/asesores360pymes.es\/#organization\",\"name\":\"Asesores 360 Pymes\",\"url\":\"https:\/\/asesores360pymes.es\/\",\"logo\":{\"@type\":\"ImageObject\",\"inLanguage\":\"es\",\"@id\":\"https:\/\/asesores360pymes.es\/#\/schema\/logo\/image\/\",\"url\":\"https:\/\/asesores360pymes.es\/wp-content\/uploads\/2025\/02\/logo.svg\",\"contentUrl\":\"https:\/\/asesores360pymes.es\/wp-content\/uploads\/2025\/02\/logo.svg\",\"width\":151,\"height\":62,\"caption\":\"Asesores 360 Pymes\"},\"image\":{\"@id\":\"https:\/\/asesores360pymes.es\/#\/schema\/logo\/image\/\"}}]}<\/script>\n<!-- \/ Yoast SEO plugin. -->","yoast_head_json":{"title":"Contacto - Asesores 360 Pymes","robots":{"index":"index","follow":"follow","max-snippet":"max-snippet:-1","max-image-preview":"max-image-preview:large","max-video-preview":"max-video-preview:-1"},"canonical":"https:\/\/asesores360pymes.es\/index.php\/contacto\/","og_locale":"es_ES","og_type":"article","og_title":"Contacto - Asesores 360 Pymes","og_description":"Contacto Escr\u00edbenosun mensaje Correo info@vhasesores.es Tel\u00e9fono 968 47 15 57 Direcci\u00f3n C\/ Donantes de Sangre, 5 Oficina 1\u00ba A \u2013 Lorca (MURCIA)","og_url":"https:\/\/asesores360pymes.es\/index.php\/contacto\/","og_site_name":"Asesores 360 Pymes","article_modified_time":"2025-08-19T11:44:09+00:00","twitter_card":"summary_large_image","schema":{"@context":"https:\/\/schema.org","@graph":[{"@type":"WebPage","@id":"https:\/\/asesores360pymes.es\/index.php\/contacto\/","url":"https:\/\/asesores360pymes.es\/index.php\/contacto\/","name":"Contacto - Asesores 360 Pymes","isPartOf":{"@id":"https:\/\/asesores360pymes.es\/#website"},"primaryImageOfPage":{"@id":"https:\/\/asesores360pymes.es\/index.php\/contacto\/#primaryimage"},"image":{"@id":"https:\/\/asesores360pymes.es\/index.php\/contacto\/#primaryimage"},"thumbnailUrl":"https:\/\/asesores360pymes.es\/wp-content\/uploads\/2025\/02\/Group-10.svg","datePublished":"2025-02-20T21:34:01+00:00","dateModified":"2025-08-19T11:44:09+00:00","breadcrumb":{"@id":"https:\/\/asesores360pymes.es\/index.php\/contacto\/#breadcrumb"},"inLanguage":"es","potentialAction":[{"@type":"ReadAction","target":["https:\/\/asesores360pymes.es\/index.php\/contacto\/"]}]},{"@type":"ImageObject","inLanguage":"es","@id":"https:\/\/asesores360pymes.es\/index.php\/contacto\/#primaryimage","url":"https:\/\/asesores360pymes.es\/wp-content\/uploads\/2025\/02\/Group-10.svg","contentUrl":"https:\/\/asesores360pymes.es\/wp-content\/uploads\/2025\/02\/Group-10.svg","width":30,"height":30},{"@type":"BreadcrumbList","@id":"https:\/\/asesores360pymes.es\/index.php\/contacto\/#breadcrumb","itemListElement":[{"@type":"ListItem","position":1,"name":"Portada","item":"https:\/\/asesores360pymes.es\/"},{"@type":"ListItem","position":2,"name":"Contacto"}]},{"@type":"WebSite","@id":"https:\/\/asesores360pymes.es\/#website","url":"https:\/\/asesores360pymes.es\/","name":"Asesores 360 Pymes","description":"Asesor&iacute;a y gestor&iacute;a con servicio completo para pymes, aut&oacute;nomos y particulares.","publisher":{"@id":"https:\/\/asesores360pymes.es\/#organization"},"potentialAction":[{"@type":"SearchAction","target":{"@type":"EntryPoint","urlTemplate":"https:\/\/asesores360pymes.es\/?s={search_term_string}"},"query-input":{"@type":"PropertyValueSpecification","valueRequired":true,"valueName":"search_term_string"}}],"inLanguage":"es"},{"@type":"Organization","@id":"https:\/\/asesores360pymes.es\/#organization","name":"Asesores 360 Pymes","url":"https:\/\/asesores360pymes.es\/","logo":{"@type":"ImageObject","inLanguage":"es","@id":"https:\/\/asesores360pymes.es\/#\/schema\/logo\/image\/","url":"https:\/\/asesores360pymes.es\/wp-content\/uploads\/2025\/02\/logo.svg","contentUrl":"https:\/\/asesores360pymes.es\/wp-content\/uploads\/2025\/02\/logo.svg","width":151,"height":62,"caption":"Asesores 360 Pymes"},"image":{"@id":"https:\/\/asesores360pymes.es\/#\/schema\/logo\/image\/"}}]}},"_links":{"self":[{"href":"https:\/\/asesores360pymes.es\/index.php\/wp-json\/wp\/v2\/pages\/15","targetHints":{"allow":["GET"]}}],"collection":[{"href":"https:\/\/asesores360pymes.es\/index.php\/wp-json\/wp\/v2\/pages"}],"about":[{"href":"https:\/\/asesores360pymes.es\/index.php\/wp-json\/wp\/v2\/types\/page"}],"author":[{"embeddable":true,"href":"https:\/\/asesores360pymes.es\/index.php\/wp-json\/wp\/v2\/users\/2"}],"replies":[{"embeddable":true,"href":"https:\/\/asesores360pymes.es\/index.php\/wp-json\/wp\/v2\/comments?post=15"}],"version-history":[{"count":55,"href":"https:\/\/asesores360pymes.es\/index.php\/wp-json\/wp\/v2\/pages\/15\/revisions"}],"predecessor-version":[{"id":415,"href":"https:\/\/asesores360pymes.es\/index.php\/wp-json\/wp\/v2\/pages\/15\/revisions\/415"}],"wp:attachment":[{"href":"https:\/\/asesores360pymes.es\/index.php\/wp-json\/wp\/v2\/media?parent=15"}],"curies":[{"name":"wp","href":"https:\/\/api.w.org\/{rel}","templated":true}]}}