{"id":14,"date":"2025-02-20T21:33:54","date_gmt":"2025-02-20T21:33:54","guid":{"rendered":"https:\/\/asesores360pymes.es\/?page_id=14"},"modified":"2025-08-19T11:37:49","modified_gmt":"2025-08-19T11:37:49","slug":"empresa","status":"publish","type":"page","link":"https:\/\/asesores360pymes.es\/index.php\/empresa\/","title":{"rendered":"Empresa"},"content":{"rendered":"\t\t<div data-elementor-type=\"wp-page\" data-elementor-id=\"14\" class=\"elementor elementor-14\" data-elementor-post-type=\"page\">\n\t\t\t\t<div class=\"elementor-element elementor-element-bde2129 e-flex e-con-boxed e-con e-parent\" data-id=\"bde2129\" data-element_type=\"container\">\n\t\t\t\t\t<div class=\"e-con-inner\">\n\t\t<div class=\"elementor-element elementor-element-5674b97 e-con-full e-flex e-con e-child\" data-id=\"5674b97\" data-element_type=\"container\">\n\t\t\t\t<div class=\"elementor-element elementor-element-de94966 elementor-widget elementor-widget-heading\" data-id=\"de94966\" data-element_type=\"widget\" data-widget_type=\"heading.default\">\n\t\t\t\t<div class=\"elementor-widget-container\">\n\t\t\t\t\t<h3 class=\"elementor-heading-title elementor-size-default\">Empresa<\/h3>\t\t\t\t<\/div>\n\t\t\t\t<\/div>\n\t\t\t\t<div class=\"elementor-element elementor-element-ed2df0c elementor-widget elementor-widget-heading\" data-id=\"ed2df0c\" data-element_type=\"widget\" data-widget_type=\"heading.default\">\n\t\t\t\t<div class=\"elementor-widget-container\">\n\t\t\t\t\t<h1 class=\"elementor-heading-title elementor-size-default\">La esencia de<br>nuestro trabajo<\/h1>\t\t\t\t<\/div>\n\t\t\t\t<\/div>\n\t\t\t\t<\/div>\n\t\t<div class=\"elementor-element elementor-element-b147c30 e-con-full e-flex e-con e-child\" data-id=\"b147c30\" data-element_type=\"container\">\n\t\t\t\t<div class=\"elementor-element elementor-element-8dbdf7a elementor-widget elementor-widget-button\" data-id=\"8dbdf7a\" data-element_type=\"widget\" data-widget_type=\"button.default\">\n\t\t\t\t<div class=\"elementor-widget-container\">\n\t\t\t\t\t\t\t\t\t<div class=\"elementor-button-wrapper\">\n\t\t\t\t\t<a class=\"elementor-button elementor-button-link elementor-size-sm\" href=\"https:\/\/asesores360pymes.es\/index.php\/servicios\/\">\n\t\t\t\t\t\t<span class=\"elementor-button-content-wrapper\">\n\t\t\t\t\t\t\t\t\t<span class=\"elementor-button-text\">Nuestros servicios<\/span>\n\t\t\t\t\t<\/span>\n\t\t\t\t\t<\/a>\n\t\t\t\t<\/div>\n\t\t\t\t\t\t\t\t<\/div>\n\t\t\t\t<\/div>\n\t\t\t\t<\/div>\n\t\t\t\t\t<\/div>\n\t\t\t\t<\/div>\n\t\t<div class=\"elementor-element elementor-element-d449b51 e-flex e-con-boxed e-con e-parent\" data-id=\"d449b51\" data-element_type=\"container\">\n\t\t\t\t\t<div class=\"e-con-inner\">\n\t\t<div class=\"elementor-element elementor-element-3027803 e-con-full e-flex e-con e-child\" data-id=\"3027803\" data-element_type=\"container\">\n\t\t\t\t<div class=\"elementor-element elementor-element-6d61f11 elementor-widget elementor-widget-heading\" data-id=\"6d61f11\" data-element_type=\"widget\" data-widget_type=\"heading.default\">\n\t\t\t\t<div class=\"elementor-widget-container\">\n\t\t\t\t\t<h2 class=\"elementor-heading-title elementor-size-default\">Historia<\/h2>\t\t\t\t<\/div>\n\t\t\t\t<\/div>\n\t\t\t\t<\/div>\n\t\t\t\t\t<\/div>\n\t\t\t\t<\/div>\n\t\t<div class=\"elementor-element elementor-element-f95cf50 e-flex e-con-boxed e-con e-parent\" data-id=\"f95cf50\" data-element_type=\"container\">\n\t\t\t\t\t<div class=\"e-con-inner\">\n\t\t<div class=\"elementor-element elementor-element-35bfb3b e-con-full e-flex e-con e-child\" data-id=\"35bfb3b\" data-element_type=\"container\">\n\t\t\t\t<div class=\"elementor-element elementor-element-5541efd elementor-widget elementor-widget-image\" data-id=\"5541efd\" data-element_type=\"widget\" data-widget_type=\"image.default\">\n\t\t\t\t<div class=\"elementor-widget-container\">\n\t\t\t\t\t\t\t\t\t\t\t\t\t\t\t<img fetchpriority=\"high\" decoding=\"async\" width=\"591\" height=\"515\" src=\"https:\/\/asesores360pymes.es\/wp-content\/uploads\/2025\/02\/image@2x.png\" class=\"attachment-full size-full wp-image-168\" alt=\"\" srcset=\"https:\/\/asesores360pymes.es\/wp-content\/uploads\/2025\/02\/image@2x.png 591w, https:\/\/asesores360pymes.es\/wp-content\/uploads\/2025\/02\/image@2x-300x261.png 300w\" sizes=\"(max-width: 591px) 100vw, 591px\" \/>\t\t\t\t\t\t\t\t\t\t\t\t\t\t\t<\/div>\n\t\t\t\t<\/div>\n\t\t\t\t<\/div>\n\t\t<div class=\"elementor-element elementor-element-7c15ad6 e-con-full e-flex e-con e-child\" data-id=\"7c15ad6\" data-element_type=\"container\">\n\t\t\t\t<div class=\"elementor-element elementor-element-1e3299d elementor-widget elementor-widget-heading\" data-id=\"1e3299d\" data-element_type=\"widget\" data-widget_type=\"heading.default\">\n\t\t\t\t<div class=\"elementor-widget-container\">\n\t\t\t\t\t<h3 class=\"elementor-heading-title elementor-size-default\">Nuestra trayectoria <\/h3>\t\t\t\t<\/div>\n\t\t\t\t<\/div>\n\t\t\t\t<div class=\"elementor-element elementor-element-db9fbe8 elementor-widget elementor-widget-text-editor\" data-id=\"db9fbe8\" data-element_type=\"widget\" data-widget_type=\"text-editor.default\">\n\t\t\t\t<div class=\"elementor-widget-container\">\n\t\t\t\t\t\t\t\t\t<p data-start=\"181\" data-end=\"547\">En <strong data-start=\"184\" data-end=\"192\">2006<\/strong>, nacimos en <strong data-start=\"205\" data-end=\"214\">Lorca<\/strong> como una asesor\u00eda orientada principalmente a <strong data-start=\"260\" data-end=\"293\">aut\u00f3nomos y peque\u00f1as empresas<\/strong>, con un objetivo muy claro: <strong data-start=\"322\" data-end=\"387\">facilitar y simplificar la gesti\u00f3n fiscal, contable y laboral<\/strong> de quienes ponen en marcha sus proyectos. Desde el primer d\u00eda, nos comprometimos a acompa\u00f1ar a cada cliente con un trato cercano, transparente y profesional.<\/p><p data-start=\"549\" data-end=\"844\">En <strong data-start=\"552\" data-end=\"560\">2020<\/strong>, dimos un paso m\u00e1s en nuestra evoluci\u00f3n. Adoptamos el nombre <strong data-start=\"622\" data-end=\"638\">Asesores 360<\/strong>, un concepto que refleja mejor nuestra <strong data-start=\"678\" data-end=\"697\">visi\u00f3n integral<\/strong> de los servicios y nuestro deseo de ofrecer a nuestros clientes un <strong data-start=\"765\" data-end=\"841\">modelo de atenci\u00f3n m\u00e1s cercano, completo y adaptado a los nuevos tiempos<\/strong>.<\/p><p data-start=\"846\" data-end=\"1257\"><strong data-start=\"846\" data-end=\"853\">Hoy<\/strong>, con m\u00e1s de <strong data-start=\"866\" data-end=\"892\">15 a\u00f1os de experiencia<\/strong>, seguimos consolidando nuestra presencia en el mercado <strong data-start=\"948\" data-end=\"968\">local y regional<\/strong>, acompa\u00f1ando a PYMES, aut\u00f3nomos, comunidades de propietarios y particulares. Y lo hacemos con la mirada puesta en el <strong data-start=\"1086\" data-end=\"1118\">crecimiento a nivel nacional<\/strong>, siempre manteniendo intacta nuestra esencia: el <strong data-start=\"1168\" data-end=\"1218\">trato humano, la cercan\u00eda y la personalizaci\u00f3n<\/strong> que nos caracteriza desde el inicio.<\/p>\t\t\t\t\t\t\t\t<\/div>\n\t\t\t\t<\/div>\n\t\t\t\t<div class=\"elementor-element elementor-element-7e291d1 elementor-widget elementor-widget-button\" data-id=\"7e291d1\" data-element_type=\"widget\" data-widget_type=\"button.default\">\n\t\t\t\t<div class=\"elementor-widget-container\">\n\t\t\t\t\t\t\t\t\t<div class=\"elementor-button-wrapper\">\n\t\t\t\t\t<a class=\"elementor-button elementor-button-link elementor-size-sm\" href=\"https:\/\/asesores360pymes.es\/index.php\/contacto\/\">\n\t\t\t\t\t\t<span class=\"elementor-button-content-wrapper\">\n\t\t\t\t\t\t\t\t\t<span class=\"elementor-button-text\">Cont\u00e1ctanos<\/span>\n\t\t\t\t\t<\/span>\n\t\t\t\t\t<\/a>\n\t\t\t\t<\/div>\n\t\t\t\t\t\t\t\t<\/div>\n\t\t\t\t<\/div>\n\t\t\t\t<\/div>\n\t\t\t\t\t<\/div>\n\t\t\t\t<\/div>\n\t\t<div class=\"elementor-element elementor-element-e3f5742 e-flex e-con-boxed e-con e-parent\" data-id=\"e3f5742\" data-element_type=\"container\">\n\t\t\t\t\t<div class=\"e-con-inner\">\n\t\t<div class=\"elementor-element elementor-element-ab3bc18 e-con-full e-flex e-con e-child\" data-id=\"ab3bc18\" data-element_type=\"container\">\n\t\t\t\t<div class=\"elementor-element elementor-element-fdbdd96 elementor-widget elementor-widget-heading\" data-id=\"fdbdd96\" data-element_type=\"widget\" data-widget_type=\"heading.default\">\n\t\t\t\t<div class=\"elementor-widget-container\">\n\t\t\t\t\t<h2 class=\"elementor-heading-title elementor-size-default\">Qu\u00e9 nos hace diferentes<\/h2>\t\t\t\t<\/div>\n\t\t\t\t<\/div>\n\t\t\t\t<\/div>\n\t\t\t\t\t<\/div>\n\t\t\t\t<\/div>\n\t\t<div class=\"elementor-element elementor-element-4d89b34 e-flex e-con-boxed e-con e-parent\" data-id=\"4d89b34\" data-element_type=\"container\">\n\t\t\t\t\t<div class=\"e-con-inner\">\n\t\t<div class=\"elementor-element elementor-element-b0be4dd e-grid e-con-full e-con e-child\" data-id=\"b0be4dd\" data-element_type=\"container\">\n\t\t<div class=\"elementor-element elementor-element-d1040e5 e-con-full e-flex e-con e-child\" data-id=\"d1040e5\" data-element_type=\"container\">\n\t\t\t\t<div class=\"elementor-element elementor-element-0511eac elementor-widget elementor-widget-image\" data-id=\"0511eac\" data-element_type=\"widget\" data-widget_type=\"image.default\">\n\t\t\t\t<div class=\"elementor-widget-container\">\n\t\t\t\t\t\t\t\t\t\t\t\t\t\t\t<img decoding=\"async\" width=\"30\" height=\"30\" src=\"https:\/\/asesores360pymes.es\/wp-content\/uploads\/2025\/02\/marque-el-circulo-3-1.svg\" class=\"attachment-full size-full wp-image-173\" alt=\"\" \/>\t\t\t\t\t\t\t\t\t\t\t\t\t\t\t<\/div>\n\t\t\t\t<\/div>\n\t\t\t\t<div class=\"elementor-element elementor-element-8cf582b elementor-widget elementor-widget-heading\" data-id=\"8cf582b\" data-element_type=\"widget\" data-widget_type=\"heading.default\">\n\t\t\t\t<div class=\"elementor-widget-container\">\n\t\t\t\t\t<h3 class=\"elementor-heading-title elementor-size-default\">Atenci\u00f3n personalizada<\/h3>\t\t\t\t<\/div>\n\t\t\t\t<\/div>\n\t\t\t\t<div class=\"elementor-element elementor-element-0194231 elementor-widget elementor-widget-text-editor\" data-id=\"0194231\" data-element_type=\"widget\" data-widget_type=\"text-editor.default\">\n\t\t\t\t<div class=\"elementor-widget-container\">\n\t\t\t\t\t\t\t\t\t<p>Cada cliente es \u00fanico, y adaptamos las soluciones a su realidad concreta.<\/p>\t\t\t\t\t\t\t\t<\/div>\n\t\t\t\t<\/div>\n\t\t\t\t<\/div>\n\t\t<div class=\"elementor-element elementor-element-cb73e48 e-con-full e-flex e-con e-child\" data-id=\"cb73e48\" data-element_type=\"container\">\n\t\t\t\t<div class=\"elementor-element elementor-element-79ecae5 elementor-widget elementor-widget-image\" data-id=\"79ecae5\" data-element_type=\"widget\" data-widget_type=\"image.default\">\n\t\t\t\t<div class=\"elementor-widget-container\">\n\t\t\t\t\t\t\t\t\t\t\t\t\t\t\t<img decoding=\"async\" width=\"30\" height=\"30\" src=\"https:\/\/asesores360pymes.es\/wp-content\/uploads\/2025\/02\/marque-el-circulo-3-1.svg\" class=\"attachment-full size-full wp-image-173\" alt=\"\" \/>\t\t\t\t\t\t\t\t\t\t\t\t\t\t\t<\/div>\n\t\t\t\t<\/div>\n\t\t\t\t<div class=\"elementor-element elementor-element-aec5ca4 elementor-widget elementor-widget-heading\" data-id=\"aec5ca4\" data-element_type=\"widget\" data-widget_type=\"heading.default\">\n\t\t\t\t<div class=\"elementor-widget-container\">\n\t\t\t\t\t<h3 class=\"elementor-heading-title elementor-size-default\">Visi\u00f3n integral<\/h3>\t\t\t\t<\/div>\n\t\t\t\t<\/div>\n\t\t\t\t<div class=\"elementor-element elementor-element-1bdc9fe elementor-widget elementor-widget-text-editor\" data-id=\"1bdc9fe\" data-element_type=\"widget\" data-widget_type=\"text-editor.default\">\n\t\t\t\t<div class=\"elementor-widget-container\">\n\t\t\t\t\t\t\t\t\t<p>No solo ofrecemos servicios contables o fiscales, sino tambi\u00e9n administraci\u00f3n de fincas, gesti\u00f3n de herencias y asesoramiento inmobiliario.<\/p>\t\t\t\t\t\t\t\t<\/div>\n\t\t\t\t<\/div>\n\t\t\t\t<\/div>\n\t\t<div class=\"elementor-element elementor-element-7f2a1f9 e-con-full e-flex e-con e-child\" data-id=\"7f2a1f9\" data-element_type=\"container\">\n\t\t\t\t<div class=\"elementor-element elementor-element-f0802b1 elementor-widget elementor-widget-image\" data-id=\"f0802b1\" data-element_type=\"widget\" data-widget_type=\"image.default\">\n\t\t\t\t<div class=\"elementor-widget-container\">\n\t\t\t\t\t\t\t\t\t\t\t\t\t\t\t<img decoding=\"async\" width=\"30\" height=\"30\" src=\"https:\/\/asesores360pymes.es\/wp-content\/uploads\/2025\/02\/marque-el-circulo-3-1.svg\" class=\"attachment-full size-full wp-image-173\" alt=\"\" \/>\t\t\t\t\t\t\t\t\t\t\t\t\t\t\t<\/div>\n\t\t\t\t<\/div>\n\t\t\t\t<div class=\"elementor-element elementor-element-46adbca elementor-widget elementor-widget-heading\" data-id=\"46adbca\" data-element_type=\"widget\" data-widget_type=\"heading.default\">\n\t\t\t\t<div class=\"elementor-widget-container\">\n\t\t\t\t\t<h3 class=\"elementor-heading-title elementor-size-default\">Experiencia contrastada<\/h3>\t\t\t\t<\/div>\n\t\t\t\t<\/div>\n\t\t\t\t<div class=\"elementor-element elementor-element-ad09f70 elementor-widget elementor-widget-text-editor\" data-id=\"ad09f70\" data-element_type=\"widget\" data-widget_type=\"text-editor.default\">\n\t\t\t\t<div class=\"elementor-widget-container\">\n\t\t\t\t\t\t\t\t\t<p data-start=\"2095\" data-end=\"2197\">M\u00e1s de 15 a\u00f1os de trayectoria, con un equipo profesional y actualizado.<\/p>\t\t\t\t\t\t\t\t<\/div>\n\t\t\t\t<\/div>\n\t\t\t\t<\/div>\n\t\t<div class=\"elementor-element elementor-element-3ad2a3a e-con-full e-flex e-con e-child\" data-id=\"3ad2a3a\" data-element_type=\"container\">\n\t\t\t\t<div class=\"elementor-element elementor-element-d744ac9 elementor-widget elementor-widget-image\" data-id=\"d744ac9\" data-element_type=\"widget\" data-widget_type=\"image.default\">\n\t\t\t\t<div class=\"elementor-widget-container\">\n\t\t\t\t\t\t\t\t\t\t\t\t\t\t\t<img decoding=\"async\" width=\"30\" height=\"30\" src=\"https:\/\/asesores360pymes.es\/wp-content\/uploads\/2025\/02\/marque-el-circulo-3-1.svg\" class=\"attachment-full size-full wp-image-173\" alt=\"\" \/>\t\t\t\t\t\t\t\t\t\t\t\t\t\t\t<\/div>\n\t\t\t\t<\/div>\n\t\t\t\t<div class=\"elementor-element elementor-element-35d8b0a elementor-widget elementor-widget-heading\" data-id=\"35d8b0a\" data-element_type=\"widget\" data-widget_type=\"heading.default\">\n\t\t\t\t<div class=\"elementor-widget-container\">\n\t\t\t\t\t<h3 class=\"elementor-heading-title elementor-size-default\">Arraigo local y proyecci\u00f3n nacional<\/h3>\t\t\t\t<\/div>\n\t\t\t\t<\/div>\n\t\t\t\t<div class=\"elementor-element elementor-element-a1f8dd9 elementor-widget elementor-widget-text-editor\" data-id=\"a1f8dd9\" data-element_type=\"widget\" data-widget_type=\"text-editor.default\">\n\t\t\t\t<div class=\"elementor-widget-container\">\n\t\t\t\t\t\t\t\t\t<p>Nacidos en Lorca, orgullosos de nuestras ra\u00edces, pero con la mirada puesta en el mercado nacional.<\/p>\t\t\t\t\t\t\t\t<\/div>\n\t\t\t\t<\/div>\n\t\t\t\t<\/div>\n\t\t\t\t<\/div>\n\t\t\t\t\t<\/div>\n\t\t\t\t<\/div>\n\t\t\t\t<\/div>\n\t\t","protected":false},"excerpt":{"rendered":"<p>Empresa La esencia denuestro trabajo Nuestros servicios Historia Nuestra trayectoria En 2006, nacimos en Lorca como una asesor\u00eda orientada principalmente a aut\u00f3nomos y peque\u00f1as empresas, con un objetivo muy claro: facilitar y simplificar la gesti\u00f3n fiscal, contable y laboral de quienes ponen en marcha sus proyectos. Desde el primer d\u00eda, nos comprometimos a acompa\u00f1ar a [&hellip;]<\/p>\n","protected":false},"author":2,"featured_media":0,"parent":0,"menu_order":0,"comment_status":"closed","ping_status":"closed","template":"","meta":{"footnotes":""},"class_list":["post-14","page","type-page","status-publish","hentry"],"yoast_head":"<!-- This site is optimized with the Yoast SEO plugin v26.6 - https:\/\/yoast.com\/wordpress\/plugins\/seo\/ -->\n<title>Empresa - Asesores 360 Pymes<\/title>\n<meta name=\"robots\" content=\"index, follow, max-snippet:-1, max-image-preview:large, max-video-preview:-1\" \/>\n<link rel=\"canonical\" href=\"https:\/\/asesores360pymes.es\/index.php\/empresa\/\" \/>\n<meta property=\"og:locale\" content=\"es_ES\" \/>\n<meta property=\"og:type\" content=\"article\" \/>\n<meta property=\"og:title\" content=\"Empresa - Asesores 360 Pymes\" \/>\n<meta property=\"og:description\" content=\"Empresa La esencia denuestro trabajo Nuestros servicios Historia Nuestra trayectoria En 2006, nacimos en Lorca como una asesor\u00eda orientada principalmente a aut\u00f3nomos y peque\u00f1as empresas, con un objetivo muy claro: facilitar y simplificar la gesti\u00f3n fiscal, contable y laboral de quienes ponen en marcha sus proyectos. Desde el primer d\u00eda, nos comprometimos a acompa\u00f1ar a [&hellip;]\" \/>\n<meta property=\"og:url\" content=\"https:\/\/asesores360pymes.es\/index.php\/empresa\/\" \/>\n<meta property=\"og:site_name\" content=\"Asesores 360 Pymes\" \/>\n<meta property=\"article:modified_time\" content=\"2025-08-19T11:37:49+00:00\" \/>\n<meta property=\"og:image\" content=\"https:\/\/asesores360pymes.es\/wp-content\/uploads\/2025\/02\/image@2x.png\" \/>\n\t<meta property=\"og:image:width\" content=\"591\" \/>\n\t<meta property=\"og:image:height\" content=\"515\" \/>\n\t<meta property=\"og:image:type\" content=\"image\/png\" \/>\n<meta name=\"twitter:card\" content=\"summary_large_image\" \/>\n<meta name=\"twitter:label1\" content=\"Tiempo de lectura\" \/>\n\t<meta name=\"twitter:data1\" content=\"1 minuto\" \/>\n<script type=\"application\/ld+json\" class=\"yoast-schema-graph\">{\"@context\":\"https:\/\/schema.org\",\"@graph\":[{\"@type\":\"WebPage\",\"@id\":\"https:\/\/asesores360pymes.es\/index.php\/empresa\/\",\"url\":\"https:\/\/asesores360pymes.es\/index.php\/empresa\/\",\"name\":\"Empresa - Asesores 360 Pymes\",\"isPartOf\":{\"@id\":\"https:\/\/asesores360pymes.es\/#website\"},\"primaryImageOfPage\":{\"@id\":\"https:\/\/asesores360pymes.es\/index.php\/empresa\/#primaryimage\"},\"image\":{\"@id\":\"https:\/\/asesores360pymes.es\/index.php\/empresa\/#primaryimage\"},\"thumbnailUrl\":\"https:\/\/asesores360pymes.es\/wp-content\/uploads\/2025\/02\/image@2x.png\",\"datePublished\":\"2025-02-20T21:33:54+00:00\",\"dateModified\":\"2025-08-19T11:37:49+00:00\",\"breadcrumb\":{\"@id\":\"https:\/\/asesores360pymes.es\/index.php\/empresa\/#breadcrumb\"},\"inLanguage\":\"es\",\"potentialAction\":[{\"@type\":\"ReadAction\",\"target\":[\"https:\/\/asesores360pymes.es\/index.php\/empresa\/\"]}]},{\"@type\":\"ImageObject\",\"inLanguage\":\"es\",\"@id\":\"https:\/\/asesores360pymes.es\/index.php\/empresa\/#primaryimage\",\"url\":\"https:\/\/asesores360pymes.es\/wp-content\/uploads\/2025\/02\/image@2x.png\",\"contentUrl\":\"https:\/\/asesores360pymes.es\/wp-content\/uploads\/2025\/02\/image@2x.png\",\"width\":591,\"height\":515},{\"@type\":\"BreadcrumbList\",\"@id\":\"https:\/\/asesores360pymes.es\/index.php\/empresa\/#breadcrumb\",\"itemListElement\":[{\"@type\":\"ListItem\",\"position\":1,\"name\":\"Portada\",\"item\":\"https:\/\/asesores360pymes.es\/\"},{\"@type\":\"ListItem\",\"position\":2,\"name\":\"Empresa\"}]},{\"@type\":\"WebSite\",\"@id\":\"https:\/\/asesores360pymes.es\/#website\",\"url\":\"https:\/\/asesores360pymes.es\/\",\"name\":\"Asesores 360 Pymes\",\"description\":\"Asesor&iacute;a y gestor&iacute;a con servicio completo para pymes, aut&oacute;nomos y particulares.\",\"publisher\":{\"@id\":\"https:\/\/asesores360pymes.es\/#organization\"},\"potentialAction\":[{\"@type\":\"SearchAction\",\"target\":{\"@type\":\"EntryPoint\",\"urlTemplate\":\"https:\/\/asesores360pymes.es\/?s={search_term_string}\"},\"query-input\":{\"@type\":\"PropertyValueSpecification\",\"valueRequired\":true,\"valueName\":\"search_term_string\"}}],\"inLanguage\":\"es\"},{\"@type\":\"Organization\",\"@id\":\"https:\/\/asesores360pymes.es\/#organization\",\"name\":\"Asesores 360 Pymes\",\"url\":\"https:\/\/asesores360pymes.es\/\",\"logo\":{\"@type\":\"ImageObject\",\"inLanguage\":\"es\",\"@id\":\"https:\/\/asesores360pymes.es\/#\/schema\/logo\/image\/\",\"url\":\"https:\/\/asesores360pymes.es\/wp-content\/uploads\/2025\/02\/logo.svg\",\"contentUrl\":\"https:\/\/asesores360pymes.es\/wp-content\/uploads\/2025\/02\/logo.svg\",\"width\":151,\"height\":62,\"caption\":\"Asesores 360 Pymes\"},\"image\":{\"@id\":\"https:\/\/asesores360pymes.es\/#\/schema\/logo\/image\/\"}}]}<\/script>\n<!-- \/ Yoast SEO plugin. -->","yoast_head_json":{"title":"Empresa - Asesores 360 Pymes","robots":{"index":"index","follow":"follow","max-snippet":"max-snippet:-1","max-image-preview":"max-image-preview:large","max-video-preview":"max-video-preview:-1"},"canonical":"https:\/\/asesores360pymes.es\/index.php\/empresa\/","og_locale":"es_ES","og_type":"article","og_title":"Empresa - Asesores 360 Pymes","og_description":"Empresa La esencia denuestro trabajo Nuestros servicios Historia Nuestra trayectoria En 2006, nacimos en Lorca como una asesor\u00eda orientada principalmente a aut\u00f3nomos y peque\u00f1as empresas, con un objetivo muy claro: facilitar y simplificar la gesti\u00f3n fiscal, contable y laboral de quienes ponen en marcha sus proyectos. Desde el primer d\u00eda, nos comprometimos a acompa\u00f1ar a [&hellip;]","og_url":"https:\/\/asesores360pymes.es\/index.php\/empresa\/","og_site_name":"Asesores 360 Pymes","article_modified_time":"2025-08-19T11:37:49+00:00","og_image":[{"width":591,"height":515,"url":"https:\/\/asesores360pymes.es\/wp-content\/uploads\/2025\/02\/image@2x.png","type":"image\/png"}],"twitter_card":"summary_large_image","twitter_misc":{"Tiempo de lectura":"1 minuto"},"schema":{"@context":"https:\/\/schema.org","@graph":[{"@type":"WebPage","@id":"https:\/\/asesores360pymes.es\/index.php\/empresa\/","url":"https:\/\/asesores360pymes.es\/index.php\/empresa\/","name":"Empresa - Asesores 360 Pymes","isPartOf":{"@id":"https:\/\/asesores360pymes.es\/#website"},"primaryImageOfPage":{"@id":"https:\/\/asesores360pymes.es\/index.php\/empresa\/#primaryimage"},"image":{"@id":"https:\/\/asesores360pymes.es\/index.php\/empresa\/#primaryimage"},"thumbnailUrl":"https:\/\/asesores360pymes.es\/wp-content\/uploads\/2025\/02\/image@2x.png","datePublished":"2025-02-20T21:33:54+00:00","dateModified":"2025-08-19T11:37:49+00:00","breadcrumb":{"@id":"https:\/\/asesores360pymes.es\/index.php\/empresa\/#breadcrumb"},"inLanguage":"es","potentialAction":[{"@type":"ReadAction","target":["https:\/\/asesores360pymes.es\/index.php\/empresa\/"]}]},{"@type":"ImageObject","inLanguage":"es","@id":"https:\/\/asesores360pymes.es\/index.php\/empresa\/#primaryimage","url":"https:\/\/asesores360pymes.es\/wp-content\/uploads\/2025\/02\/image@2x.png","contentUrl":"https:\/\/asesores360pymes.es\/wp-content\/uploads\/2025\/02\/image@2x.png","width":591,"height":515},{"@type":"BreadcrumbList","@id":"https:\/\/asesores360pymes.es\/index.php\/empresa\/#breadcrumb","itemListElement":[{"@type":"ListItem","position":1,"name":"Portada","item":"https:\/\/asesores360pymes.es\/"},{"@type":"ListItem","position":2,"name":"Empresa"}]},{"@type":"WebSite","@id":"https:\/\/asesores360pymes.es\/#website","url":"https:\/\/asesores360pymes.es\/","name":"Asesores 360 Pymes","description":"Asesor&iacute;a y gestor&iacute;a con servicio completo para pymes, aut&oacute;nomos y particulares.","publisher":{"@id":"https:\/\/asesores360pymes.es\/#organization"},"potentialAction":[{"@type":"SearchAction","target":{"@type":"EntryPoint","urlTemplate":"https:\/\/asesores360pymes.es\/?s={search_term_string}"},"query-input":{"@type":"PropertyValueSpecification","valueRequired":true,"valueName":"search_term_string"}}],"inLanguage":"es"},{"@type":"Organization","@id":"https:\/\/asesores360pymes.es\/#organization","name":"Asesores 360 Pymes","url":"https:\/\/asesores360pymes.es\/","logo":{"@type":"ImageObject","inLanguage":"es","@id":"https:\/\/asesores360pymes.es\/#\/schema\/logo\/image\/","url":"https:\/\/asesores360pymes.es\/wp-content\/uploads\/2025\/02\/logo.svg","contentUrl":"https:\/\/asesores360pymes.es\/wp-content\/uploads\/2025\/02\/logo.svg","width":151,"height":62,"caption":"Asesores 360 Pymes"},"image":{"@id":"https:\/\/asesores360pymes.es\/#\/schema\/logo\/image\/"}}]}},"_links":{"self":[{"href":"https:\/\/asesores360pymes.es\/index.php\/wp-json\/wp\/v2\/pages\/14","targetHints":{"allow":["GET"]}}],"collection":[{"href":"https:\/\/asesores360pymes.es\/index.php\/wp-json\/wp\/v2\/pages"}],"about":[{"href":"https:\/\/asesores360pymes.es\/index.php\/wp-json\/wp\/v2\/types\/page"}],"author":[{"embeddable":true,"href":"https:\/\/asesores360pymes.es\/index.php\/wp-json\/wp\/v2\/users\/2"}],"replies":[{"embeddable":true,"href":"https:\/\/asesores360pymes.es\/index.php\/wp-json\/wp\/v2\/comments?post=14"}],"version-history":[{"count":40,"href":"https:\/\/asesores360pymes.es\/index.php\/wp-json\/wp\/v2\/pages\/14\/revisions"}],"predecessor-version":[{"id":409,"href":"https:\/\/asesores360pymes.es\/index.php\/wp-json\/wp\/v2\/pages\/14\/revisions\/409"}],"wp:attachment":[{"href":"https:\/\/asesores360pymes.es\/index.php\/wp-json\/wp\/v2\/media?parent=14"}],"curies":[{"name":"wp","href":"https:\/\/api.w.org\/{rel}","templated":true}]}}