{"id":12,"date":"2025-02-20T21:33:48","date_gmt":"2025-02-20T21:33:48","guid":{"rendered":"https:\/\/asesores360pymes.es\/?page_id=12"},"modified":"2025-08-19T11:34:03","modified_gmt":"2025-08-19T11:34:03","slug":"servicios","status":"publish","type":"page","link":"https:\/\/asesores360pymes.es\/index.php\/servicios\/","title":{"rendered":"Servicios"},"content":{"rendered":"\t\t<div data-elementor-type=\"wp-page\" data-elementor-id=\"12\" class=\"elementor elementor-12\" data-elementor-post-type=\"page\">\n\t\t\t\t<div class=\"elementor-element elementor-element-1442525 e-flex e-con-boxed e-con e-parent\" data-id=\"1442525\" data-element_type=\"container\">\n\t\t\t\t\t<div class=\"e-con-inner\">\n\t\t<div class=\"elementor-element elementor-element-d2d3da3 e-con-full e-flex e-con e-child\" data-id=\"d2d3da3\" data-element_type=\"container\">\n\t\t\t\t<div class=\"elementor-element elementor-element-131e73a elementor-widget elementor-widget-heading\" data-id=\"131e73a\" data-element_type=\"widget\" data-widget_type=\"heading.default\">\n\t\t\t\t<div class=\"elementor-widget-container\">\n\t\t\t\t\t<h3 class=\"elementor-heading-title elementor-size-default\">Servicio<\/h3>\t\t\t\t<\/div>\n\t\t\t\t<\/div>\n\t\t\t\t<div class=\"elementor-element elementor-element-7f7818b elementor-widget elementor-widget-heading\" data-id=\"7f7818b\" data-element_type=\"widget\" data-widget_type=\"heading.default\">\n\t\t\t\t<div class=\"elementor-widget-container\">\n\t\t\t\t\t<h1 class=\"elementor-heading-title elementor-size-default\">Consultor\u00eda y asesor\u00eda personalizada<\/h1>\t\t\t\t<\/div>\n\t\t\t\t<\/div>\n\t\t\t\t<\/div>\n\t\t<div class=\"elementor-element elementor-element-4e2d4f1 e-con-full e-flex e-con e-child\" data-id=\"4e2d4f1\" data-element_type=\"container\">\n\t\t\t\t<div class=\"elementor-element elementor-element-2c156f0 elementor-widget elementor-widget-button\" data-id=\"2c156f0\" data-element_type=\"widget\" data-widget_type=\"button.default\">\n\t\t\t\t<div class=\"elementor-widget-container\">\n\t\t\t\t\t\t\t\t\t<div class=\"elementor-button-wrapper\">\n\t\t\t\t\t<a class=\"elementor-button elementor-button-link elementor-size-sm\" href=\"https:\/\/asesores360pymes.es\/index.php\/contacto\/\" target=\"_blank\">\n\t\t\t\t\t\t<span class=\"elementor-button-content-wrapper\">\n\t\t\t\t\t\t\t\t\t<span class=\"elementor-button-text\">Cont\u00e1ctanos<\/span>\n\t\t\t\t\t<\/span>\n\t\t\t\t\t<\/a>\n\t\t\t\t<\/div>\n\t\t\t\t\t\t\t\t<\/div>\n\t\t\t\t<\/div>\n\t\t\t\t<\/div>\n\t\t\t\t\t<\/div>\n\t\t\t\t<\/div>\n\t\t<div class=\"elementor-element elementor-element-23d2d90 e-flex e-con-boxed e-con e-parent\" data-id=\"23d2d90\" data-element_type=\"container\">\n\t\t\t\t\t<div class=\"e-con-inner\">\n\t\t<div class=\"elementor-element elementor-element-bc127bb e-grid e-con-full e-con e-child\" data-id=\"bc127bb\" data-element_type=\"container\">\n\t\t<div class=\"elementor-element elementor-element-f57260d e-con-full e-flex e-con e-child\" data-id=\"f57260d\" data-element_type=\"container\">\n\t\t\t\t<div class=\"elementor-element elementor-element-b0a331f elementor-widget elementor-widget-image\" data-id=\"b0a331f\" data-element_type=\"widget\" data-widget_type=\"image.default\">\n\t\t\t\t<div class=\"elementor-widget-container\">\n\t\t\t\t\t\t\t\t\t\t\t\t\t\t\t<img decoding=\"async\" width=\"50\" height=\"50\" src=\"https:\/\/asesores360pymes.es\/wp-content\/uploads\/2025\/02\/departamento-1.svg\" class=\"attachment-full size-full wp-image-37\" alt=\"Asesor\u00eda de empresas\" \/>\t\t\t\t\t\t\t\t\t\t\t\t\t\t\t<\/div>\n\t\t\t\t<\/div>\n\t\t\t\t<div class=\"elementor-element elementor-element-39086ef elementor-widget elementor-widget-heading\" data-id=\"39086ef\" data-element_type=\"widget\" data-widget_type=\"heading.default\">\n\t\t\t\t<div class=\"elementor-widget-container\">\n\t\t\t\t\t<h3 class=\"elementor-heading-title elementor-size-default\">Asesor\u00eda de empresas<\/h3>\t\t\t\t<\/div>\n\t\t\t\t<\/div>\n\t\t\t\t<div class=\"elementor-element elementor-element-d787d62 elementor-widget elementor-widget-text-editor\" data-id=\"d787d62\" data-element_type=\"widget\" data-widget_type=\"text-editor.default\">\n\t\t\t\t<div class=\"elementor-widget-container\">\n\t\t\t\t\t\t\t\t\t<p data-start=\"693\" data-end=\"880\">Acompa\u00f1amos a <strong data-start=\"707\" data-end=\"733\">aut\u00f3nomos y sociedades<\/strong> en la gesti\u00f3n diaria de su actividad, ofreciendo soluciones a medida para que se concentren en lo realmente importante: hacer crecer su negocio.<\/p><p data-start=\"882\" data-end=\"908\"><strong data-start=\"882\" data-end=\"906\">Servicios incluidos:<\/strong><\/p><ul data-start=\"909\" data-end=\"1132\"><li data-start=\"909\" data-end=\"954\"><p data-start=\"911\" data-end=\"954\">Asesoramiento fiscal, contable y laboral.<\/p><\/li><li data-start=\"955\" data-end=\"1017\"><p data-start=\"957\" data-end=\"1017\">Representaci\u00f3n y gestiones ante administraciones p\u00fablicas.<\/p><\/li><li data-start=\"1018\" data-end=\"1064\"><p data-start=\"1020\" data-end=\"1064\">Contabilidad adaptada a aut\u00f3nomos y PYMES.<\/p><\/li><li data-start=\"1065\" data-end=\"1132\"><p data-start=\"1067\" data-end=\"1132\">Preparaci\u00f3n y presentaci\u00f3n de impuestos trimestrales y anuales.<\/p><\/li><\/ul>\t\t\t\t\t\t\t\t<\/div>\n\t\t\t\t<\/div>\n\t\t\t\t<\/div>\n\t\t<div class=\"elementor-element elementor-element-3cbf72b e-con-full e-flex e-con e-child\" data-id=\"3cbf72b\" data-element_type=\"container\">\n\t\t\t\t<div class=\"elementor-element elementor-element-d6961a7 elementor-widget elementor-widget-image\" data-id=\"d6961a7\" data-element_type=\"widget\" data-widget_type=\"image.default\">\n\t\t\t\t<div class=\"elementor-widget-container\">\n\t\t\t\t\t\t\t\t\t\t\t\t\t\t\t<img decoding=\"async\" width=\"50\" height=\"50\" src=\"https:\/\/asesores360pymes.es\/wp-content\/uploads\/2025\/02\/villa.svg\" class=\"attachment-full size-full wp-image-36\" alt=\"Administraci\u00f3n\u00a0de fincas\" \/>\t\t\t\t\t\t\t\t\t\t\t\t\t\t\t<\/div>\n\t\t\t\t<\/div>\n\t\t\t\t<div class=\"elementor-element elementor-element-2a35098 elementor-widget elementor-widget-heading\" data-id=\"2a35098\" data-element_type=\"widget\" data-widget_type=\"heading.default\">\n\t\t\t\t<div class=\"elementor-widget-container\">\n\t\t\t\t\t<h3 class=\"elementor-heading-title elementor-size-default\">Administraci\u00f3n\u00a0de fincas<\/h3>\t\t\t\t<\/div>\n\t\t\t\t<\/div>\n\t\t\t\t<div class=\"elementor-element elementor-element-31ea3b9 elementor-widget elementor-widget-text-editor\" data-id=\"31ea3b9\" data-element_type=\"widget\" data-widget_type=\"text-editor.default\">\n\t\t\t\t<div class=\"elementor-widget-container\">\n\t\t\t\t\t\t\t\t\t<p data-start=\"1173\" data-end=\"1320\">Nos ocupamos de la <strong data-start=\"1192\" data-end=\"1243\">gesti\u00f3n integral de comunidades de propietarios<\/strong>, velando por su correcto funcionamiento y la transparencia en las cuentas.<\/p><p data-start=\"1322\" data-end=\"1348\"><strong data-start=\"1322\" data-end=\"1346\">Servicios incluidos:<\/strong><\/p><ul data-start=\"1349\" data-end=\"1745\"><li data-start=\"1349\" data-end=\"1403\"><p data-start=\"1351\" data-end=\"1403\">Elaboraci\u00f3n de presupuestos y estados financieros.<\/p><\/li><li data-start=\"1404\" data-end=\"1464\"><p data-start=\"1406\" data-end=\"1464\">Contabilidad comunitaria seg\u00fan el Plan General Contable.<\/p><\/li><li data-start=\"1465\" data-end=\"1517\"><p data-start=\"1467\" data-end=\"1517\">Control de ingresos, gastos y cuotas pendientes.<\/p><\/li><li data-start=\"1518\" data-end=\"1570\"><p data-start=\"1520\" data-end=\"1570\">Gesti\u00f3n de cobros, pagos y seguros comunitarios.<\/p><\/li><li data-start=\"1571\" data-end=\"1628\"><p data-start=\"1573\" data-end=\"1628\">Coordinaci\u00f3n de obras, mantenimientos y reparaciones.<\/p><\/li><li data-start=\"1629\" data-end=\"1710\"><p data-start=\"1631\" data-end=\"1710\">Convocatoria, asistencia y secretar\u00eda en juntas ordinarias y extraordinarias.<\/p><\/li><li data-start=\"1711\" data-end=\"1745\"><p data-start=\"1713\" data-end=\"1745\">Redacci\u00f3n y custodia de actas.<\/p><\/li><\/ul>\t\t\t\t\t\t\t\t<\/div>\n\t\t\t\t<\/div>\n\t\t\t\t<\/div>\n\t\t<div class=\"elementor-element elementor-element-5a8a448 e-con-full e-flex e-con e-child\" data-id=\"5a8a448\" data-element_type=\"container\">\n\t\t\t\t<div class=\"elementor-element elementor-element-0b7340c elementor-widget elementor-widget-image\" data-id=\"0b7340c\" data-element_type=\"widget\" data-widget_type=\"image.default\">\n\t\t\t\t<div class=\"elementor-widget-container\">\n\t\t\t\t\t\t\t\t\t\t\t\t\t\t\t<img decoding=\"async\" width=\"50\" height=\"50\" src=\"https:\/\/asesores360pymes.es\/wp-content\/uploads\/2025\/02\/Group-5.svg\" class=\"attachment-full size-full wp-image-39\" alt=\"Gesti\u00f3n de tramitaci\u00f3n de herencias\" \/>\t\t\t\t\t\t\t\t\t\t\t\t\t\t\t<\/div>\n\t\t\t\t<\/div>\n\t\t\t\t<div class=\"elementor-element elementor-element-19eb9a9 elementor-widget elementor-widget-heading\" data-id=\"19eb9a9\" data-element_type=\"widget\" data-widget_type=\"heading.default\">\n\t\t\t\t<div class=\"elementor-widget-container\">\n\t\t\t\t\t<h3 class=\"elementor-heading-title elementor-size-default\">Gesti\u00f3n de tramitaci\u00f3n de herencias<\/h3>\t\t\t\t<\/div>\n\t\t\t\t<\/div>\n\t\t\t\t<div class=\"elementor-element elementor-element-5dad9a9 elementor-widget elementor-widget-text-editor\" data-id=\"5dad9a9\" data-element_type=\"widget\" data-widget_type=\"text-editor.default\">\n\t\t\t\t<div class=\"elementor-widget-container\">\n\t\t\t\t\t\t\t\t\t<p data-start=\"1782\" data-end=\"1941\">Simplificamos los tr\u00e1mites relacionados con <strong data-start=\"1826\" data-end=\"1852\">herencias y sucesiones<\/strong>, ayud\u00e1ndote a gestionar todo el proceso con eficacia y cercan\u00eda en momentos delicados.<\/p><p data-start=\"1943\" data-end=\"1969\"><strong data-start=\"1943\" data-end=\"1967\">Servicios incluidos:<\/strong><\/p><ul data-start=\"1970\" data-end=\"2180\"><li data-start=\"1970\" data-end=\"2047\"><p data-start=\"1972\" data-end=\"2047\">Obtenci\u00f3n de certificados de defunci\u00f3n, \u00faltimas voluntades y testamentos.<\/p><\/li><li data-start=\"2048\" data-end=\"2104\"><p data-start=\"2050\" data-end=\"2104\">Liquidaci\u00f3n de impuestos de sucesiones y donaciones.<\/p><\/li><li data-start=\"2105\" data-end=\"2180\"><p data-start=\"2107\" data-end=\"2180\">Gesti\u00f3n testamentaria ante entidades financieras, registros y notarios.<\/p><\/li><\/ul>\t\t\t\t\t\t\t\t<\/div>\n\t\t\t\t<\/div>\n\t\t\t\t<\/div>\n\t\t<div class=\"elementor-element elementor-element-6246204 e-con-full e-flex e-con e-child\" data-id=\"6246204\" data-element_type=\"container\">\n\t\t\t\t<div class=\"elementor-element elementor-element-b8a8e50 elementor-widget elementor-widget-image\" data-id=\"b8a8e50\" data-element_type=\"widget\" data-widget_type=\"image.default\">\n\t\t\t\t<div class=\"elementor-widget-container\">\n\t\t\t\t\t\t\t\t\t\t\t\t\t\t\t<img loading=\"lazy\" decoding=\"async\" width=\"50\" height=\"50\" src=\"https:\/\/asesores360pymes.es\/wp-content\/uploads\/2025\/02\/Group-1.svg\" class=\"attachment-full size-full wp-image-38\" alt=\"\" \/>\t\t\t\t\t\t\t\t\t\t\t\t\t\t\t<\/div>\n\t\t\t\t<\/div>\n\t\t\t\t<div class=\"elementor-element elementor-element-db21f00 elementor-widget elementor-widget-heading\" data-id=\"db21f00\" data-element_type=\"widget\" data-widget_type=\"heading.default\">\n\t\t\t\t<div class=\"elementor-widget-container\">\n\t\t\t\t\t<h3 class=\"elementor-heading-title elementor-size-default\">Asesoramiento inmobiliario<\/h3>\t\t\t\t<\/div>\n\t\t\t\t<\/div>\n\t\t\t\t<div class=\"elementor-element elementor-element-e0b33d0 elementor-widget elementor-widget-text-editor\" data-id=\"e0b33d0\" data-element_type=\"widget\" data-widget_type=\"text-editor.default\">\n\t\t\t\t<div class=\"elementor-widget-container\">\n\t\t\t\t\t\t\t\t\t<p data-start=\"2223\" data-end=\"2360\">Te ofrecemos apoyo profesional en la <strong data-start=\"2260\" data-end=\"2291\">gesti\u00f3n de bienes inmuebles<\/strong>, garantizando seguridad jur\u00eddica y tranquilidad en cada operaci\u00f3n.<\/p><p data-start=\"2362\" data-end=\"2388\"><strong data-start=\"2362\" data-end=\"2386\">Servicios incluidos:<\/strong><\/p><ul data-start=\"2389\" data-end=\"2585\"><li data-start=\"2389\" data-end=\"2439\"><p data-start=\"2391\" data-end=\"2439\">Estudio de productos y propuestas financieras.<\/p><\/li><li data-start=\"2440\" data-end=\"2538\"><p data-start=\"2442\" data-end=\"2538\">Tramitaci\u00f3n notarial de escrituras (compraventa, donaci\u00f3n, herencia, extinci\u00f3n de condominio).<\/p><\/li><li data-start=\"2539\" data-end=\"2585\"><p data-start=\"2541\" data-end=\"2585\">Legalizaci\u00f3n y formalizaci\u00f3n de inmuebles.<\/p><\/li><\/ul>\t\t\t\t\t\t\t\t<\/div>\n\t\t\t\t<\/div>\n\t\t\t\t<\/div>\n\t\t\t\t<\/div>\n\t\t\t\t\t<\/div>\n\t\t\t\t<\/div>\n\t\t<div class=\"elementor-element elementor-element-e755bbf e-flex e-con-boxed e-con e-parent\" data-id=\"e755bbf\" data-element_type=\"container\">\n\t\t\t\t\t<div class=\"e-con-inner\">\n\t\t\t\t<div class=\"elementor-element elementor-element-f0e054f elementor-widget elementor-widget-menu-anchor\" data-id=\"f0e054f\" data-element_type=\"widget\" data-widget_type=\"menu-anchor.default\">\n\t\t\t\t<div class=\"elementor-widget-container\">\n\t\t\t\t\t\t\t<div class=\"elementor-menu-anchor\" id=\"services\"><\/div>\n\t\t\t\t\t\t<\/div>\n\t\t\t\t<\/div>\n\t\t\t\t\t<\/div>\n\t\t\t\t<\/div>\n\t\t<div class=\"elementor-element elementor-element-dd0420f e-flex e-con-boxed e-con e-parent\" data-id=\"dd0420f\" data-element_type=\"container\">\n\t\t\t\t\t<div class=\"e-con-inner\">\n\t\t<div class=\"elementor-element elementor-element-9bddbdc e-con-full e-flex e-con e-child\" data-id=\"9bddbdc\" data-element_type=\"container\">\n\t\t<div class=\"elementor-element elementor-element-adb1cbd e-con-full e-flex e-con e-child\" data-id=\"adb1cbd\" data-element_type=\"container\">\n\t\t\t\t<div class=\"elementor-element elementor-element-50ba2ec elementor-widget elementor-widget-heading\" data-id=\"50ba2ec\" data-element_type=\"widget\" data-widget_type=\"heading.default\">\n\t\t\t\t<div class=\"elementor-widget-container\">\n\t\t\t\t\t<h2 class=\"elementor-heading-title elementor-size-default\">Agendemos un reuni\u00f3n<\/h2>\t\t\t\t<\/div>\n\t\t\t\t<\/div>\n\t\t\t\t<\/div>\n\t\t<div class=\"elementor-element elementor-element-b6eb4a9 e-con-full e-flex e-con e-child\" data-id=\"b6eb4a9\" data-element_type=\"container\">\n\t\t\t\t<div class=\"elementor-element elementor-element-64513b0 elementor-widget__width-initial elementor-widget elementor-widget-heading\" data-id=\"64513b0\" data-element_type=\"widget\" data-widget_type=\"heading.default\">\n\t\t\t\t<div class=\"elementor-widget-container\">\n\t\t\t\t\t<h3 class=\"elementor-heading-title elementor-size-default\">Nuestro trabajo es enfocarte en la mejor decisi\u00f3n, por eso nuestro equipo de profesionales te apoyaran en tu proceso.<\/h3>\t\t\t\t<\/div>\n\t\t\t\t<\/div>\n\t\t\t\t<\/div>\n\t\t\t\t<\/div>\n\t\t<div class=\"elementor-element elementor-element-512c770 e-con-full e-flex e-con e-child\" data-id=\"512c770\" data-element_type=\"container\">\n\t\t<div class=\"elementor-element elementor-element-eda4b1b e-con-full e-flex e-con e-child\" data-id=\"eda4b1b\" data-element_type=\"container\">\n\t\t\t\t<div class=\"elementor-element elementor-element-9040b45 elementor-mobile-align-center elementor-widget elementor-widget-button\" data-id=\"9040b45\" data-element_type=\"widget\" data-widget_type=\"button.default\">\n\t\t\t\t<div class=\"elementor-widget-container\">\n\t\t\t\t\t\t\t\t\t<div class=\"elementor-button-wrapper\">\n\t\t\t\t\t<a class=\"elementor-button elementor-button-link elementor-size-sm\" href=\"https:\/\/asesores360pymes.es\/index.php\/contacto\/\">\n\t\t\t\t\t\t<span class=\"elementor-button-content-wrapper\">\n\t\t\t\t\t\t\t\t\t<span class=\"elementor-button-text\">Cont\u00e1ctanos<\/span>\n\t\t\t\t\t<\/span>\n\t\t\t\t\t<\/a>\n\t\t\t\t<\/div>\n\t\t\t\t\t\t\t\t<\/div>\n\t\t\t\t<\/div>\n\t\t\t\t<\/div>\n\t\t\t\t<\/div>\n\t\t\t\t\t<\/div>\n\t\t\t\t<\/div>\n\t\t\t\t<\/div>\n\t\t","protected":false},"excerpt":{"rendered":"<p>Servicio Consultor\u00eda y asesor\u00eda personalizada Cont\u00e1ctanos Asesor\u00eda de empresas Acompa\u00f1amos a aut\u00f3nomos y sociedades en la gesti\u00f3n diaria de su actividad, ofreciendo soluciones a medida para que se concentren en lo realmente importante: hacer crecer su negocio. Servicios incluidos: Asesoramiento fiscal, contable y laboral. Representaci\u00f3n y gestiones ante administraciones p\u00fablicas. Contabilidad adaptada a aut\u00f3nomos y [&hellip;]<\/p>\n","protected":false},"author":2,"featured_media":0,"parent":0,"menu_order":0,"comment_status":"closed","ping_status":"closed","template":"","meta":{"footnotes":""},"class_list":["post-12","page","type-page","status-publish","hentry"],"yoast_head":"<!-- This site is optimized with the Yoast SEO plugin v26.6 - https:\/\/yoast.com\/wordpress\/plugins\/seo\/ -->\n<title>Servicios - Asesores 360 Pymes<\/title>\n<meta name=\"robots\" content=\"index, follow, max-snippet:-1, max-image-preview:large, max-video-preview:-1\" \/>\n<link rel=\"canonical\" href=\"https:\/\/asesores360pymes.es\/index.php\/servicios\/\" \/>\n<meta property=\"og:locale\" content=\"es_ES\" \/>\n<meta property=\"og:type\" content=\"article\" \/>\n<meta property=\"og:title\" content=\"Servicios - Asesores 360 Pymes\" \/>\n<meta property=\"og:description\" content=\"Servicio Consultor\u00eda y asesor\u00eda personalizada Cont\u00e1ctanos Asesor\u00eda de empresas Acompa\u00f1amos a aut\u00f3nomos y sociedades en la gesti\u00f3n diaria de su actividad, ofreciendo soluciones a medida para que se concentren en lo realmente importante: hacer crecer su negocio. Servicios incluidos: Asesoramiento fiscal, contable y laboral. Representaci\u00f3n y gestiones ante administraciones p\u00fablicas. Contabilidad adaptada a aut\u00f3nomos y [&hellip;]\" \/>\n<meta property=\"og:url\" content=\"https:\/\/asesores360pymes.es\/index.php\/servicios\/\" \/>\n<meta property=\"og:site_name\" content=\"Asesores 360 Pymes\" \/>\n<meta property=\"article:modified_time\" content=\"2025-08-19T11:34:03+00:00\" \/>\n<meta name=\"twitter:card\" content=\"summary_large_image\" \/>\n<meta name=\"twitter:label1\" content=\"Tiempo de lectura\" \/>\n\t<meta name=\"twitter:data1\" content=\"1 minuto\" \/>\n<script type=\"application\/ld+json\" class=\"yoast-schema-graph\">{\"@context\":\"https:\/\/schema.org\",\"@graph\":[{\"@type\":\"WebPage\",\"@id\":\"https:\/\/asesores360pymes.es\/index.php\/servicios\/\",\"url\":\"https:\/\/asesores360pymes.es\/index.php\/servicios\/\",\"name\":\"Servicios - Asesores 360 Pymes\",\"isPartOf\":{\"@id\":\"https:\/\/asesores360pymes.es\/#website\"},\"primaryImageOfPage\":{\"@id\":\"https:\/\/asesores360pymes.es\/index.php\/servicios\/#primaryimage\"},\"image\":{\"@id\":\"https:\/\/asesores360pymes.es\/index.php\/servicios\/#primaryimage\"},\"thumbnailUrl\":\"https:\/\/asesores360pymes.es\/wp-content\/uploads\/2025\/02\/departamento-1.svg\",\"datePublished\":\"2025-02-20T21:33:48+00:00\",\"dateModified\":\"2025-08-19T11:34:03+00:00\",\"breadcrumb\":{\"@id\":\"https:\/\/asesores360pymes.es\/index.php\/servicios\/#breadcrumb\"},\"inLanguage\":\"es\",\"potentialAction\":[{\"@type\":\"ReadAction\",\"target\":[\"https:\/\/asesores360pymes.es\/index.php\/servicios\/\"]}]},{\"@type\":\"ImageObject\",\"inLanguage\":\"es\",\"@id\":\"https:\/\/asesores360pymes.es\/index.php\/servicios\/#primaryimage\",\"url\":\"https:\/\/asesores360pymes.es\/wp-content\/uploads\/2025\/02\/departamento-1.svg\",\"contentUrl\":\"https:\/\/asesores360pymes.es\/wp-content\/uploads\/2025\/02\/departamento-1.svg\",\"width\":50,\"height\":50,\"caption\":\"Asesor\u00eda de empresas\"},{\"@type\":\"BreadcrumbList\",\"@id\":\"https:\/\/asesores360pymes.es\/index.php\/servicios\/#breadcrumb\",\"itemListElement\":[{\"@type\":\"ListItem\",\"position\":1,\"name\":\"Portada\",\"item\":\"https:\/\/asesores360pymes.es\/\"},{\"@type\":\"ListItem\",\"position\":2,\"name\":\"Servicios\"}]},{\"@type\":\"WebSite\",\"@id\":\"https:\/\/asesores360pymes.es\/#website\",\"url\":\"https:\/\/asesores360pymes.es\/\",\"name\":\"Asesores 360 Pymes\",\"description\":\"Asesor&iacute;a y gestor&iacute;a con servicio completo para pymes, aut&oacute;nomos y particulares.\",\"publisher\":{\"@id\":\"https:\/\/asesores360pymes.es\/#organization\"},\"potentialAction\":[{\"@type\":\"SearchAction\",\"target\":{\"@type\":\"EntryPoint\",\"urlTemplate\":\"https:\/\/asesores360pymes.es\/?s={search_term_string}\"},\"query-input\":{\"@type\":\"PropertyValueSpecification\",\"valueRequired\":true,\"valueName\":\"search_term_string\"}}],\"inLanguage\":\"es\"},{\"@type\":\"Organization\",\"@id\":\"https:\/\/asesores360pymes.es\/#organization\",\"name\":\"Asesores 360 Pymes\",\"url\":\"https:\/\/asesores360pymes.es\/\",\"logo\":{\"@type\":\"ImageObject\",\"inLanguage\":\"es\",\"@id\":\"https:\/\/asesores360pymes.es\/#\/schema\/logo\/image\/\",\"url\":\"https:\/\/asesores360pymes.es\/wp-content\/uploads\/2025\/02\/logo.svg\",\"contentUrl\":\"https:\/\/asesores360pymes.es\/wp-content\/uploads\/2025\/02\/logo.svg\",\"width\":151,\"height\":62,\"caption\":\"Asesores 360 Pymes\"},\"image\":{\"@id\":\"https:\/\/asesores360pymes.es\/#\/schema\/logo\/image\/\"}}]}<\/script>\n<!-- \/ Yoast SEO plugin. -->","yoast_head_json":{"title":"Servicios - Asesores 360 Pymes","robots":{"index":"index","follow":"follow","max-snippet":"max-snippet:-1","max-image-preview":"max-image-preview:large","max-video-preview":"max-video-preview:-1"},"canonical":"https:\/\/asesores360pymes.es\/index.php\/servicios\/","og_locale":"es_ES","og_type":"article","og_title":"Servicios - Asesores 360 Pymes","og_description":"Servicio Consultor\u00eda y asesor\u00eda personalizada Cont\u00e1ctanos Asesor\u00eda de empresas Acompa\u00f1amos a aut\u00f3nomos y sociedades en la gesti\u00f3n diaria de su actividad, ofreciendo soluciones a medida para que se concentren en lo realmente importante: hacer crecer su negocio. Servicios incluidos: Asesoramiento fiscal, contable y laboral. Representaci\u00f3n y gestiones ante administraciones p\u00fablicas. Contabilidad adaptada a aut\u00f3nomos y [&hellip;]","og_url":"https:\/\/asesores360pymes.es\/index.php\/servicios\/","og_site_name":"Asesores 360 Pymes","article_modified_time":"2025-08-19T11:34:03+00:00","twitter_card":"summary_large_image","twitter_misc":{"Tiempo de lectura":"1 minuto"},"schema":{"@context":"https:\/\/schema.org","@graph":[{"@type":"WebPage","@id":"https:\/\/asesores360pymes.es\/index.php\/servicios\/","url":"https:\/\/asesores360pymes.es\/index.php\/servicios\/","name":"Servicios - Asesores 360 Pymes","isPartOf":{"@id":"https:\/\/asesores360pymes.es\/#website"},"primaryImageOfPage":{"@id":"https:\/\/asesores360pymes.es\/index.php\/servicios\/#primaryimage"},"image":{"@id":"https:\/\/asesores360pymes.es\/index.php\/servicios\/#primaryimage"},"thumbnailUrl":"https:\/\/asesores360pymes.es\/wp-content\/uploads\/2025\/02\/departamento-1.svg","datePublished":"2025-02-20T21:33:48+00:00","dateModified":"2025-08-19T11:34:03+00:00","breadcrumb":{"@id":"https:\/\/asesores360pymes.es\/index.php\/servicios\/#breadcrumb"},"inLanguage":"es","potentialAction":[{"@type":"ReadAction","target":["https:\/\/asesores360pymes.es\/index.php\/servicios\/"]}]},{"@type":"ImageObject","inLanguage":"es","@id":"https:\/\/asesores360pymes.es\/index.php\/servicios\/#primaryimage","url":"https:\/\/asesores360pymes.es\/wp-content\/uploads\/2025\/02\/departamento-1.svg","contentUrl":"https:\/\/asesores360pymes.es\/wp-content\/uploads\/2025\/02\/departamento-1.svg","width":50,"height":50,"caption":"Asesor\u00eda de empresas"},{"@type":"BreadcrumbList","@id":"https:\/\/asesores360pymes.es\/index.php\/servicios\/#breadcrumb","itemListElement":[{"@type":"ListItem","position":1,"name":"Portada","item":"https:\/\/asesores360pymes.es\/"},{"@type":"ListItem","position":2,"name":"Servicios"}]},{"@type":"WebSite","@id":"https:\/\/asesores360pymes.es\/#website","url":"https:\/\/asesores360pymes.es\/","name":"Asesores 360 Pymes","description":"Asesor&iacute;a y gestor&iacute;a con servicio completo para pymes, aut&oacute;nomos y particulares.","publisher":{"@id":"https:\/\/asesores360pymes.es\/#organization"},"potentialAction":[{"@type":"SearchAction","target":{"@type":"EntryPoint","urlTemplate":"https:\/\/asesores360pymes.es\/?s={search_term_string}"},"query-input":{"@type":"PropertyValueSpecification","valueRequired":true,"valueName":"search_term_string"}}],"inLanguage":"es"},{"@type":"Organization","@id":"https:\/\/asesores360pymes.es\/#organization","name":"Asesores 360 Pymes","url":"https:\/\/asesores360pymes.es\/","logo":{"@type":"ImageObject","inLanguage":"es","@id":"https:\/\/asesores360pymes.es\/#\/schema\/logo\/image\/","url":"https:\/\/asesores360pymes.es\/wp-content\/uploads\/2025\/02\/logo.svg","contentUrl":"https:\/\/asesores360pymes.es\/wp-content\/uploads\/2025\/02\/logo.svg","width":151,"height":62,"caption":"Asesores 360 Pymes"},"image":{"@id":"https:\/\/asesores360pymes.es\/#\/schema\/logo\/image\/"}}]}},"_links":{"self":[{"href":"https:\/\/asesores360pymes.es\/index.php\/wp-json\/wp\/v2\/pages\/12","targetHints":{"allow":["GET"]}}],"collection":[{"href":"https:\/\/asesores360pymes.es\/index.php\/wp-json\/wp\/v2\/pages"}],"about":[{"href":"https:\/\/asesores360pymes.es\/index.php\/wp-json\/wp\/v2\/types\/page"}],"author":[{"embeddable":true,"href":"https:\/\/asesores360pymes.es\/index.php\/wp-json\/wp\/v2\/users\/2"}],"replies":[{"embeddable":true,"href":"https:\/\/asesores360pymes.es\/index.php\/wp-json\/wp\/v2\/comments?post=12"}],"version-history":[{"count":43,"href":"https:\/\/asesores360pymes.es\/index.php\/wp-json\/wp\/v2\/pages\/12\/revisions"}],"predecessor-version":[{"id":406,"href":"https:\/\/asesores360pymes.es\/index.php\/wp-json\/wp\/v2\/pages\/12\/revisions\/406"}],"wp:attachment":[{"href":"https:\/\/asesores360pymes.es\/index.php\/wp-json\/wp\/v2\/media?parent=12"}],"curies":[{"name":"wp","href":"https:\/\/api.w.org\/{rel}","templated":true}]}}